{"id":59,"date":"2018-07-25T10:38:22","date_gmt":"2018-07-25T07:38:22","guid":{"rendered":"http:\/\/semd.local\/?page_id=59"},"modified":"2023-07-12T20:43:31","modified_gmt":"2023-07-12T17:43:31","slug":"partner","status":"publish","type":"page","link":"https:\/\/semd-gmbh.de\/gb\/partner\/","title":{"rendered":""},"content":{"rendered":"\n<div class=\"wp-block-media-text alignwide is-stacked-on-mobile\"><figure class=\"wp-block-media-text__media\"><img loading=\"lazy\" decoding=\"async\" width=\"540\" height=\"244\" src=\"http:\/\/semd.localhost\/wp-content\/uploads\/2018\/07\/pic_content.jpg\" alt=\"\" class=\"wp-image-74 size-full\" srcset=\"https:\/\/semd-gmbh.de\/wp-content\/uploads\/2018\/07\/pic_content.jpg 540w, https:\/\/semd-gmbh.de\/wp-content\/uploads\/2018\/07\/pic_content-300x136.jpg 300w\" sizes=\"auto, (max-width: 540px) 100vw, 540px\" \/><\/figure><div class=\"wp-block-media-text__content\">\n<h2 class=\"wp-block-heading\"><strong>Technologie &amp; Innovationen<\/strong> 1<\/h2>\n\n\n\n<p>Die patentierte SEMD Technologie vereint komfortable, kabelfreie Signal\u00fcbertragungen in v\u00f6llig energieautarken Systemen. Mit einer einzigartigen, patentierten Kombination aus miniaturisierten Energiewandlern, stromsparender Elektronik und zuverl\u00e4ssiger Funktechnik, bieten wir Ihnen eine innovative Technologie f\u00fcr nachhaltige L\u00f6sungen. Der einfache, manuelle Druck einer Tastereinheit sendet ein Funksignal an einen Empf\u00e4nger.<\/p>\n<\/div><\/div>\n\n\n\n<div class=\"wp-block-media-text alignwide is-stacked-on-mobile\"><figure class=\"wp-block-media-text__media\"><img loading=\"lazy\" decoding=\"async\" width=\"540\" height=\"244\" src=\"http:\/\/semd.localhost\/wp-content\/uploads\/2018\/07\/pic_content.jpg\" alt=\"\" class=\"wp-image-74 size-full\" srcset=\"https:\/\/semd-gmbh.de\/wp-content\/uploads\/2018\/07\/pic_content.jpg 540w, https:\/\/semd-gmbh.de\/wp-content\/uploads\/2018\/07\/pic_content-300x136.jpg 300w\" sizes=\"auto, (max-width: 540px) 100vw, 540px\" \/><\/figure><div class=\"wp-block-media-text__content\">\n<h2 class=\"wp-block-heading\"><strong>Technologie &amp; Innovationen 2<\/strong><\/h2>\n\n\n\n<p>Die patentierte SEMD Technologie vereint komfortable, kabelfreie Signal\u00fcbertragungen in v\u00f6llig energieautarken Systemen. Mit einer einzigartigen, patentierten Kombination aus miniaturisierten Energiewandlern, stromsparender Elektronik und zuverl\u00e4ssiger Funktechnik, bieten wir Ihnen eine innovative Technologie f\u00fcr nachhaltige L\u00f6sungen. Der einfache, manuelle Druck einer Tastereinheit sendet ein Funksignal an einen Empf\u00e4nger.<\/p>\n<\/div><\/div>\n\n\n\n<div class=\"wp-block-media-text alignwide is-stacked-on-mobile\"><figure class=\"wp-block-media-text__media\"><img loading=\"lazy\" decoding=\"async\" width=\"540\" height=\"244\" src=\"http:\/\/semd.localhost\/wp-content\/uploads\/2018\/07\/pic_content.jpg\" alt=\"\" class=\"wp-image-74 size-full\" srcset=\"https:\/\/semd-gmbh.de\/wp-content\/uploads\/2018\/07\/pic_content.jpg 540w, https:\/\/semd-gmbh.de\/wp-content\/uploads\/2018\/07\/pic_content-300x136.jpg 300w\" sizes=\"auto, (max-width: 540px) 100vw, 540px\" \/><\/figure><div class=\"wp-block-media-text__content\">\n<h2 class=\"wp-block-heading\"><strong>Technologie &amp; Innovationen 3<\/strong><\/h2>\n\n\n\n<p>Die patentierte SEMD Technologie vereint komfortable, kabelfreie Signal\u00fcbertragungen in v\u00f6llig energieautarken Systemen. Mit einer einzigartigen, patentierten Kombination aus miniaturisierten Energiewandlern, stromsparender Elektronik und zuverl\u00e4ssiger Funktechnik, bieten wir Ihnen eine innovative Technologie f\u00fcr nachhaltige L\u00f6sungen. Der einfache, manuelle Druck einer Tastereinheit sendet ein Funksignal an einen Empf\u00e4nger.<\/p>\n<\/div><\/div>\n","protected":false},"excerpt":{"rendered":"<p>Technologie &amp; Innovationen 1 Die patentierte SEMD Technologie vereint komfortable, kabelfreie Signal\u00fcbertragungen in v\u00f6llig energieautarken Systemen. Mit einer einzigartigen, patentierten Kombination aus miniaturisierten Energiewandlern, stromsparender Elektronik und zuverl\u00e4ssiger Funktechnik, bieten wir Ihnen eine innovative Technologie f\u00fcr nachhaltige L\u00f6sungen. Der einfache, manuelle Druck einer Tastereinheit sendet ein Funksignal an einen Empf\u00e4nger. Technologie &amp; Innovationen 2 Die [&hellip;]<\/p>\n","protected":false},"author":9,"featured_media":0,"parent":0,"menu_order":0,"comment_status":"closed","ping_status":"closed","template":"castom-page\/References-page.php","meta":{"_acf_changed":false,"footnotes":""},"class_list":["post-59","page","type-page","status-publish","hentry"],"translation":{"provider":"WPGlobus","version":"2.12.2","language":"gb","enabled_languages":["de","gb"],"languages":{"de":{"title":false,"content":true,"excerpt":false},"gb":{"title":false,"content":false,"excerpt":false}}},"acf":[],"yoast_head":"<!-- This site is optimized with the Yoast SEO plugin v22.1 - https:\/\/yoast.com\/wordpress\/plugins\/seo\/ -->\n<title>- SEMD<\/title>\n<meta name=\"robots\" content=\"index, follow, max-snippet:-1, max-image-preview:large, max-video-preview:-1\" \/>\n<link rel=\"canonical\" href=\"https:\/\/semd-gmbh.de\/partner\/\" \/>\n<meta property=\"og:locale\" content=\"en_GB\" \/>\n<meta property=\"og:type\" content=\"article\" \/>\n<meta property=\"og:title\" content=\"- SEMD\" \/>\n<meta property=\"og:url\" content=\"https:\/\/semd-gmbh.de\/partner\/\" \/>\n<meta property=\"og:site_name\" content=\"SEMD\" \/>\n<meta property=\"article:modified_time\" content=\"2023-07-12T17:43:31+00:00\" \/>\n<meta property=\"og:image\" content=\"http:\/\/semd.localhost\/wp-content\/uploads\/2018\/07\/pic_content.jpg\" \/>\n<meta name=\"twitter:card\" content=\"summary_large_image\" \/>\n<meta name=\"twitter:label1\" content=\"Est. reading time\" \/>\n\t<meta name=\"twitter:data1\" content=\"1 minute\" \/>\n<script type=\"application\/ld+json\" class=\"yoast-schema-graph\">{\"@context\":\"https:\/\/schema.org\",\"@graph\":[{\"@type\":\"WebPage\",\"@id\":\"https:\/\/semd-gmbh.de\/partner\/\",\"url\":\"https:\/\/semd-gmbh.de\/partner\/\",\"name\":\"- SEMD\",\"isPartOf\":{\"@id\":\"https:\/\/semd-gmbh.de\/#website\"},\"datePublished\":\"2018-07-25T07:38:22+00:00\",\"dateModified\":\"2023-07-12T17:43:31+00:00\",\"inLanguage\":\"en-GB\",\"potentialAction\":[{\"@type\":\"ReadAction\",\"target\":[\"https:\/\/semd-gmbh.de\/partner\/\"]}]},{\"@type\":\"WebSite\",\"@id\":\"https:\/\/semd-gmbh.de\/#website\",\"url\":\"https:\/\/semd-gmbh.de\/\",\"name\":\"SEMD\",\"description\":\"Service and Electromechanical Devices\",\"potentialAction\":[{\"@type\":\"SearchAction\",\"target\":{\"@type\":\"EntryPoint\",\"urlTemplate\":\"https:\/\/semd-gmbh.de\/?s={search_term_string}\"},\"query-input\":\"required name=search_term_string\"}],\"inLanguage\":\"en-GB\"}]}<\/script>\n<!-- \/ Yoast SEO plugin. -->","yoast_head_json":{"title":"- SEMD","robots":{"index":"index","follow":"follow","max-snippet":"max-snippet:-1","max-image-preview":"max-image-preview:large","max-video-preview":"max-video-preview:-1"},"canonical":"https:\/\/semd-gmbh.de\/partner\/","og_locale":"en_GB","og_type":"article","og_title":"- SEMD","og_url":"https:\/\/semd-gmbh.de\/partner\/","og_site_name":"SEMD","article_modified_time":"2023-07-12T17:43:31+00:00","og_image":[{"url":"http:\/\/semd.localhost\/wp-content\/uploads\/2018\/07\/pic_content.jpg"}],"twitter_card":"summary_large_image","twitter_misc":{"Est. reading time":"1 minute"},"schema":{"@context":"https:\/\/schema.org","@graph":[{"@type":"WebPage","@id":"https:\/\/semd-gmbh.de\/partner\/","url":"https:\/\/semd-gmbh.de\/partner\/","name":"- SEMD","isPartOf":{"@id":"https:\/\/semd-gmbh.de\/#website"},"datePublished":"2018-07-25T07:38:22+00:00","dateModified":"2023-07-12T17:43:31+00:00","inLanguage":"en-GB","potentialAction":[{"@type":"ReadAction","target":["https:\/\/semd-gmbh.de\/partner\/"]}]},{"@type":"WebSite","@id":"https:\/\/semd-gmbh.de\/#website","url":"https:\/\/semd-gmbh.de\/","name":"SEMD","description":"Service and Electromechanical Devices","potentialAction":[{"@type":"SearchAction","target":{"@type":"EntryPoint","urlTemplate":"https:\/\/semd-gmbh.de\/?s={search_term_string}"},"query-input":"required name=search_term_string"}],"inLanguage":"en-GB"}]}},"_links":{"self":[{"href":"https:\/\/semd-gmbh.de\/gb\/wp-json\/wp\/v2\/pages\/59","targetHints":{"allow":["GET"]}}],"collection":[{"href":"https:\/\/semd-gmbh.de\/gb\/wp-json\/wp\/v2\/pages"}],"about":[{"href":"https:\/\/semd-gmbh.de\/gb\/wp-json\/wp\/v2\/types\/page"}],"author":[{"embeddable":true,"href":"https:\/\/semd-gmbh.de\/gb\/wp-json\/wp\/v2\/users\/9"}],"replies":[{"embeddable":true,"href":"https:\/\/semd-gmbh.de\/gb\/wp-json\/wp\/v2\/comments?post=59"}],"version-history":[{"count":14,"href":"https:\/\/semd-gmbh.de\/gb\/wp-json\/wp\/v2\/pages\/59\/revisions"}],"predecessor-version":[{"id":1625,"href":"https:\/\/semd-gmbh.de\/gb\/wp-json\/wp\/v2\/pages\/59\/revisions\/1625"}],"wp:attachment":[{"href":"https:\/\/semd-gmbh.de\/gb\/wp-json\/wp\/v2\/media?parent=59"}],"curies":[{"name":"wp","href":"https:\/\/api.w.org\/{rel}","templated":true}]}}